{"id":2225,"date":"2025-10-10T16:21:51","date_gmt":"2025-10-10T09:21:51","guid":{"rendered":"https:\/\/www.eldwi.com\/datenschutzrichtlinie\/"},"modified":"2026-01-23T00:36:09","modified_gmt":"2026-01-22T17:36:09","slug":"datenschutzrichtlinie","status":"publish","type":"page","link":"https:\/\/www.eldwi.com\/de\/datenschutzrichtlinie\/","title":{"rendered":"Datenschutzrichtlinie"},"content":{"rendered":"\t\t<div data-elementor-type=\"wp-page\" data-elementor-id=\"2225\" class=\"elementor elementor-2225 elementor-3\">\n\t\t\t\t\t\t<section class=\"elementor-section elementor-top-section elementor-element elementor-element-198989f5 elementor-section-boxed elementor-section-height-default elementor-section-height-default\" data-id=\"198989f5\" data-element_type=\"section\" data-e-type=\"section\">\n\t\t\t\t\t\t<div class=\"elementor-container elementor-column-gap-default\">\n\t\t\t\t\t<div class=\"elementor-column elementor-col-100 elementor-top-column elementor-element elementor-element-44e39047\" data-id=\"44e39047\" data-element_type=\"column\" data-e-type=\"column\">\n\t\t\t<div class=\"elementor-widget-wrap elementor-element-populated\">\n\t\t\t\t\t\t<div class=\"elementor-element elementor-element-3efffc73 elementor-widget elementor-widget-text-editor\" data-id=\"3efffc73\" data-element_type=\"widget\" data-e-type=\"widget\" data-widget_type=\"text-editor.default\">\n\t\t\t\t\t\t\t\t\t<br\/>\n\t\t\t\t\t\t\t\t<\/div>\n\t\t\t\t\t<\/div>\n\t\t<\/div>\n\t\t\t\t\t<\/div>\n\t\t<\/section>\n\t\t\t\t<section class=\"elementor-section elementor-top-section elementor-element elementor-element-bceb9db elementor-section-boxed elementor-section-height-default elementor-section-height-default\" data-id=\"bceb9db\" data-element_type=\"section\" data-e-type=\"section\">\n\t\t\t\t\t\t<div class=\"elementor-container elementor-column-gap-default\">\n\t\t\t\t\t<div class=\"elementor-column elementor-col-100 elementor-top-column elementor-element elementor-element-5362065\" data-id=\"5362065\" data-element_type=\"column\" data-e-type=\"column\">\n\t\t\t<div class=\"elementor-widget-wrap elementor-element-populated\">\n\t\t\t\t\t\t<div class=\"elementor-element elementor-element-2abd117 elementor-widget elementor-widget-text-editor\" data-id=\"2abd117\" data-element_type=\"widget\" data-e-type=\"widget\" data-widget_type=\"text-editor.default\">\n\t\t\t\t\t\t\t\t\t<p style=\"text-align: right;\">Diese Richtlinie wurde zuletzt am 14. Januar 2026 aktualisiert.<\/p>\t\t\t\t\t\t\t\t<\/div>\n\t\t\t\t<div class=\"elementor-element elementor-element-32721e7 elementor-widget elementor-widget-text-editor\" data-id=\"32721e7\" data-element_type=\"widget\" data-e-type=\"widget\" data-widget_type=\"text-editor.default\">\n\t\t\t\t\t\t\t\t\t<p>Bei <strong data-start=\"2329\" data-end=\"2346\"><a class=\"decorated-link\" href=\"http:\/\/www.eldwi.com\/\" target=\"_new\" rel=\"noopener\" data-start=\"2331\" data-end=\"2344\">www.eldwi.com<\/a><\/strong> legen wir Wert auf Ihre Privatsph\u00e4re und respektieren diese. Diese Datenschutzrichtlinie erl\u00e4utert, wie wir Ihre pers\u00f6nlichen Daten erfassen, verwenden, offenlegen und sch\u00fctzen, wenn Sie unsere Website nutzen. <\/p>\t\t\t\t\t\t\t\t<\/div>\n\t\t\t\t<div class=\"elementor-element elementor-element-7004b57 elementor-widget elementor-widget-text-editor\" data-id=\"7004b57\" data-element_type=\"widget\" data-e-type=\"widget\" data-widget_type=\"text-editor.default\">\n\t\t\t\t\t\t\t\t\t<h3 data-start=\"2508\" data-end=\"2534\">Von uns erfasste Informationen<\/h3>\n<p data-start=\"2535\" data-end=\"2585\"><b>Wir k\u00f6nnen die folgenden pers\u00f6nlichen Daten erfassen:<\/b><\/p>\n<ul data-start=\"2586\" data-end=\"2975\">\n<li data-start=\"2586\" data-end=\"2599\">\n<p data-start=\"2588\" data-end=\"2599\">Vollst\u00e4ndiger Name<\/p>\n<\/li>\n<li data-start=\"2600\" data-end=\"2627\">\n<p data-start=\"2602\" data-end=\"2627\">Firmen-\/Gesch\u00e4ftsname<\/p>\n<\/li>\n<li data-start=\"2628\" data-end=\"2677\">\n<p data-start=\"2630\" data-end=\"2677\">E-Mail-Adresse, Telefonnummer, Gesch\u00e4ftsadresse<\/p>\n<\/li>\n<li data-start=\"2678\" data-end=\"2703\">\n<p data-start=\"2680\" data-end=\"2703\">Social-Media-Konten<\/p>\n<\/li>\n<li data-start=\"2704\" data-end=\"2728\">\n<p data-start=\"2706\" data-end=\"2728\">Wohnsitzland<\/p>\n<\/li>\n<li data-start=\"2729\" data-end=\"2803\">\n<p data-start=\"2731\" data-end=\"2803\">Gesundheitsinformationen, Lifestyle-Pr\u00e4ferenzen (mit Zustimmung des Nutzers bereitgestellt)<\/p>\n<\/li>\n<li data-start=\"2804\" data-end=\"2906\">\n<p data-start=\"2806\" data-end=\"2906\">Zahlungsinformationen (verarbeitet \u00fcber Stripe, PayPal oder Bank\u00fcberweisung; wir speichern keine Kartendaten)<\/p>\n<\/li>\n<li data-start=\"2907\" data-end=\"2975\">\n<p data-start=\"2909\" data-end=\"2975\">Technische Daten wie IP-Adresse, Cookies und Daten zur Website-Nutzung<\/p>\n<\/li>\n<\/ul>\t\t\t\t\t\t\t\t<\/div>\n\t\t\t\t<div class=\"elementor-element elementor-element-25d99a9 elementor-widget elementor-widget-text-editor\" data-id=\"25d99a9\" data-element_type=\"widget\" data-e-type=\"widget\" data-widget_type=\"text-editor.default\">\n\t\t\t\t\t\t\t\t\t<h3 data-start=\"2977\" data-end=\"3007\">Zweck der Datenerfassung<\/h3>\n<p data-start=\"3008\" data-end=\"3036\">I<b>hre Daten werden verwendet, um:<\/b><\/p>\n<ul data-start=\"3037\" data-end=\"3292\">\n<li data-start=\"3037\" data-end=\"3085\">\n<p data-start=\"3039\" data-end=\"3085\">Unsere Dienstleistungen und Website bereitzustellen und zu verbessern<\/p>\n<\/li>\n<li data-start=\"3086\" data-end=\"3143\">\n<p data-start=\"3088\" data-end=\"3143\">Mit Ihnen zu kommunizieren, einschlie\u00dflich Marketing und Updates<\/p>\n<\/li>\n<li data-start=\"3144\" data-end=\"3194\">\n<p data-start=\"3146\" data-end=\"3194\">Registrierungen, K\u00e4ufe und Zahlungen zu verarbeiten<\/p>\n<\/li>\n<li data-start=\"3195\" data-end=\"3246\">\n<p data-start=\"3197\" data-end=\"3246\">Die Website-Performance und die Benutzererfahrung zu analysieren<\/p>\n<\/li>\n<li data-start=\"3247\" data-end=\"3292\">\n<p data-start=\"3249\" data-end=\"3292\">Die geltenden Gesetze und Vorschriften einzuhalten<\/p>\n<\/li>\n<\/ul>\t\t\t\t\t\t\t\t<\/div>\n\t\t\t\t<div class=\"elementor-element elementor-element-168b7a5 elementor-widget elementor-widget-text-editor\" data-id=\"168b7a5\" data-element_type=\"widget\" data-e-type=\"widget\" data-widget_type=\"text-editor.default\">\n\t\t\t\t\t\t\t\t\t<h3 data-start=\"3294\" data-end=\"3305\">Cookies<\/h3>\n<p data-start=\"3306\" data-end=\"3451\">Unsere Website verwendet Cookies, um die Funktionalit\u00e4t zu verbessern, die Nutzung zu analysieren und die Leistung zu verbessern. Sie k\u00f6nnen Cookies \u00fcber Ihre Browsereinstellungen deaktivieren. <\/p>\n<p>www.eldwi.com verwendet Cookies und \u00e4hnliche Technologien, um die Benutzererfahrung zu verbessern, die Website-Nutzung zu analysieren und Marketingaktivit\u00e4ten zu unterst\u00fctzen.<br>Was sind Cookies?<br>Cookies sind kleine Datendateien, die auf Ihrem Ger\u00e4t gespeichert werden, wenn Sie eine Website besuchen.<br><br><\/p><h4>Arten von Cookies, die wir verwenden<\/h4><p>\u2022 Notwendige Cookies: Erforderlich f\u00fcr die grundlegende Website-Funktionalit\u00e4t<br>\u2022 Analyse-Cookies: Wie z. B. Google Analytics<br>\u2022 Marketing-Cookies: Wie z. B. Facebook Pixel und TikTok Pixel<\/p>\n<p><\/p><h4>Verwaltung von Cookies<\/h4>\n<p>Sie k\u00f6nnen Cookies \u00fcber Ihre Browsereinstellungen verwalten oder deaktivieren. Bitte beachten Sie, dass die Deaktivierung bestimmter Cookies die Funktionalit\u00e4t der Website beeintr\u00e4chtigen kann. <\/p>\t\t\t\t\t\t\t\t<\/div>\n\t\t\t\t<div class=\"elementor-element elementor-element-c7ecf8f elementor-widget elementor-widget-text-editor\" data-id=\"c7ecf8f\" data-element_type=\"widget\" data-e-type=\"widget\" data-widget_type=\"text-editor.default\">\n\t\t\t\t\t\t\t\t\t<h3 data-start=\"3453\" data-end=\"3484\">Offenlegung gegen\u00fcber Dritten<\/h3><p data-start=\"3485\" data-end=\"3567\"><b>Wir k\u00f6nnen Ihre Daten an vertrauensw\u00fcrdige Drittanbieter weitergeben, wie z. B.:<\/b><\/p><ul data-start=\"3568\" data-end=\"3726\"><li data-start=\"3568\" data-end=\"3588\"><p data-start=\"3570\" data-end=\"3588\">Google Analytics<\/p><\/li><li data-start=\"3589\" data-end=\"3607\"><p data-start=\"3591\" data-end=\"3607\">Facebook Pixel<\/p><\/li><li data-start=\"3608\" data-end=\"3633\"><p data-start=\"3610\" data-end=\"3633\">LINE Offizielles Konto<\/p><\/li><li data-start=\"3634\" data-end=\"3653\"><p data-start=\"3636\" data-end=\"3653\">Stripe \/ PayPal<\/p><\/li><li data-start=\"3654\" data-end=\"3726\"><p data-start=\"3656\" data-end=\"3726\">Social-Media-Plattformen (z. B. Facebook, TikTok, Instagram, WhatsApp, X)<\/p><\/li><\/ul><p data-start=\"3728\" data-end=\"3864\">Eine solche Offenlegung ist auf das beschr\u00e4nkt, was f\u00fcr die Erbringung von Dienstleistungen erforderlich ist, und unterliegt den jeweiligen Datenschutzrichtlinien dieser Anbieter.<\/p>\t\t\t\t\t\t\t\t<\/div>\n\t\t\t\t<div class=\"elementor-element elementor-element-e0e55eb elementor-widget elementor-widget-text-editor\" data-id=\"e0e55eb\" data-element_type=\"widget\" data-e-type=\"widget\" data-widget_type=\"text-editor.default\">\n\t\t\t\t\t\t\t\t\t<h3 data-start=\"3866\" data-end=\"3883\">Datensicherheit<\/h3>\n<p data-start=\"3884\" data-end=\"4028\">Wir setzen geeignete technische und organisatorische Ma\u00dfnahmen ein, um Ihre pers\u00f6nlichen Daten vor unbefugtem Zugriff, Offenlegung oder Missbrauch zu sch\u00fctzen.<\/p>\t\t\t\t\t\t\t\t<\/div>\n\t\t\t\t<div class=\"elementor-element elementor-element-c1f917b elementor-widget elementor-widget-text-editor\" data-id=\"c1f917b\" data-element_type=\"widget\" data-e-type=\"widget\" data-widget_type=\"text-editor.default\">\n\t\t\t\t\t\t\t\t\t<h3 data-start=\"4030\" data-end=\"4045\">Ihre Rechte<\/h3>\n<p data-start=\"4046\" data-end=\"4200\">Sie haben das Recht auf Auskunft, Berichtigung, L\u00f6schung oder Einschr\u00e4nkung der Nutzung Ihrer pers\u00f6nlichen Daten. Sie k\u00f6nnen uns \u00fcber die auf der Website angegebenen Kan\u00e4le kontaktieren. <\/p>\t\t\t\t\t\t\t\t<\/div>\n\t\t\t\t<div class=\"elementor-element elementor-element-15b2a11 elementor-widget elementor-widget-text-editor\" data-id=\"15b2a11\" data-element_type=\"widget\" data-e-type=\"widget\" data-widget_type=\"text-editor.default\">\n\t\t\t\t\t\t\t\t\t<h3 data-start=\"4202\" data-end=\"4220\">Richtlinienaktualisierungen<\/h3>\n<p> <\/p>\n<p data-start=\"4221\" data-end=\"4325\">Wir behalten uns das Recht vor, diese Datenschutzrichtlinie jederzeit zu aktualisieren. Alle \u00c4nderungen werden auf dieser Seite ver\u00f6ffentlicht. <\/p>\t\t\t\t\t\t\t\t<\/div>\n\t\t\t\t<div class=\"elementor-element elementor-element-192ac7e elementor-widget elementor-widget-spacer\" data-id=\"192ac7e\" data-element_type=\"widget\" data-e-type=\"widget\" data-widget_type=\"spacer.default\">\n\t\t\t\t\t\t\t<div class=\"elementor-spacer\">\n\t\t\t<div class=\"elementor-spacer-inner\"><\/div>\n\t\t<\/div>\n\t\t\t\t\t\t<\/div>\n\t\t\t\t\t<\/div>\n\t\t<\/div>\n\t\t\t\t\t<\/div>\n\t\t<\/section>\n\t\t\t\t<\/div>\n\t\t","protected":false},"excerpt":{"rendered":"<p>Diese Richtlinie wurde zuletzt am 14. Januar 2026 aktualisiert. Bei www.eldwi.com legen wir Wert auf Ihre Privatsph\u00e4re und respektieren diese. Diese Datenschutzrichtlinie erl\u00e4utert, wie wir Ihre pers\u00f6nlichen Daten erfassen, verwenden, offenlegen und sch\u00fctzen, wenn Sie unsere Website nutzen. Von uns erfasste Informationen Wir k\u00f6nnen die folgenden pers\u00f6nlichen Daten erfassen: Vollst\u00e4ndiger Name Firmen-\/Gesch\u00e4ftsname E-Mail-Adresse, Telefonnummer, Gesch\u00e4ftsadresse [&hellip;]<\/p>\n","protected":false},"author":1,"featured_media":0,"parent":0,"menu_order":0,"comment_status":"closed","ping_status":"open","template":"","meta":{"_srk_meta_title":"","_srk_meta_description":"","_srk_robots_meta":[],"_srk_canonical_url":"","_srk_advanced_settings":[],"_srk_last_sync":0,"footnotes":""},"class_list":["post-2225","page","type-page","status-publish","hentry"],"_links":{"self":[{"href":"https:\/\/www.eldwi.com\/de\/wp-json\/wp\/v2\/pages\/2225","targetHints":{"allow":["GET"]}}],"collection":[{"href":"https:\/\/www.eldwi.com\/de\/wp-json\/wp\/v2\/pages"}],"about":[{"href":"https:\/\/www.eldwi.com\/de\/wp-json\/wp\/v2\/types\/page"}],"author":[{"embeddable":true,"href":"https:\/\/www.eldwi.com\/de\/wp-json\/wp\/v2\/users\/1"}],"replies":[{"embeddable":true,"href":"https:\/\/www.eldwi.com\/de\/wp-json\/wp\/v2\/comments?post=2225"}],"version-history":[{"count":1,"href":"https:\/\/www.eldwi.com\/de\/wp-json\/wp\/v2\/pages\/2225\/revisions"}],"predecessor-version":[{"id":2226,"href":"https:\/\/www.eldwi.com\/de\/wp-json\/wp\/v2\/pages\/2225\/revisions\/2226"}],"wp:attachment":[{"href":"https:\/\/www.eldwi.com\/de\/wp-json\/wp\/v2\/media?parent=2225"}],"curies":[{"name":"wp","href":"https:\/\/api.w.org\/{rel}","templated":true}]}}