{"id":2134,"date":"2025-12-06T20:56:01","date_gmt":"2025-12-06T13:56:01","guid":{"rendered":"https:\/\/www.eldwi.com\/partnerschaft\/"},"modified":"2026-01-28T23:27:50","modified_gmt":"2026-01-28T16:27:50","slug":"partnerschaft","status":"publish","type":"page","link":"https:\/\/www.eldwi.com\/de\/partnerschaft\/","title":{"rendered":"Partnerschaft"},"content":{"rendered":"\t\t<div data-elementor-type=\"wp-page\" data-elementor-id=\"2134\" class=\"elementor elementor-2134 elementor-1271\">\n\t\t\t\t<div class=\"elementor-element elementor-element-41c41bd e-flex e-con-boxed e-con e-parent\" data-id=\"41c41bd\" data-element_type=\"container\" data-e-type=\"container\">\n\t\t\t\t\t<div class=\"e-con-inner\">\n\t\t<div class=\"elementor-element elementor-element-586b1c0 e-con-full e-flex e-con e-child\" data-id=\"586b1c0\" data-element_type=\"container\" data-e-type=\"container\">\n\t\t\t\t<div class=\"elementor-element elementor-element-1c15ec2 elementor-widget elementor-widget-spacer\" data-id=\"1c15ec2\" data-element_type=\"widget\" data-e-type=\"widget\" data-widget_type=\"spacer.default\">\n\t\t\t\t\t\t\t<div class=\"elementor-spacer\">\n\t\t\t<div class=\"elementor-spacer-inner\"><\/div>\n\t\t<\/div>\n\t\t\t\t\t\t<\/div>\n\t\t\t\t<div class=\"elementor-element elementor-element-8279049 elementor-widget elementor-widget-heading\" data-id=\"8279049\" data-element_type=\"widget\" data-e-type=\"widget\" data-widget_type=\"heading.default\">\n\t\t\t\t\t<h1 class=\"elementor-heading-title elementor-size-default\">Partner werden mit Eldwi.com<\/h1>\t\t\t\t<\/div>\n\t\t\t\t<div class=\"elementor-element elementor-element-8a2d05d elementor-widget elementor-widget-text-editor\" data-id=\"8a2d05d\" data-element_type=\"widget\" data-e-type=\"widget\" data-widget_type=\"text-editor.default\">\n\t\t\t\t\t\t\t\t\t<h3>Wir bef\u00e4higen Thailands Young-Old (YOLD) und die Altenpflegebranche, auf der globalen B\u00fchne zu gl\u00e4nzen<\/h3>\t\t\t\t\t\t\t\t<\/div>\n\t\t<div class=\"elementor-element elementor-element-b71f1be e-grid e-con-full e-con e-child\" data-id=\"b71f1be\" data-element_type=\"container\" data-e-type=\"container\">\n\t\t\t\t<div class=\"elementor-element elementor-element-b3995ab elementor-widget elementor-widget-text-editor\" data-id=\"b3995ab\" data-element_type=\"widget\" data-e-type=\"widget\" data-widget_type=\"text-editor.default\">\n\t\t\t\t\t\t\t\t\t<p data-start=\"223\" data-end=\"473\">Da L\u00e4nder auf der ganzen Welt zu einer vollst\u00e4ndig gealterten Gesellschaft werden, suchen Rentner und diejenigen, die sich dem Ruhestand n\u00e4hern, zunehmend nach einem idealen Ziel, das eine au\u00dfergew\u00f6hnliche Lebensqualit\u00e4t, langfristige Gesundheit und ein Gef\u00fchl von Sinn und Erf\u00fcllung bietet.<\/p><p data-start=\"475\" data-end=\"1004\">Die demografische Gruppe der <strong data-start=\"479\" data-end=\"499\">Young-Old (YOLD)<\/strong> im Alter zwischen 60 und 75 Jahren stellt ein \u00e4u\u00dferst f\u00e4higes und einflussreiches Segment der Gesellschaft dar. Sie leisten weiterhin einen aktiven Beitrag zur Wirtschaft und gestalten gleichzeitig einen ausgewogenen Lebensstil, der Gesundheit, finanzielle Sicherheit, soziales Engagement und pers\u00f6nliches Wachstum integriert. Diese Gruppe sch\u00e4tzt lebenslanges Lernen und pflegt eine aktive, gesundheitsbewusste Lebensweise. Sie suchen konsequent nach den h\u00f6chsten Standards bei Produkten, Dienstleistungen und lebenserweiternden Erfahrungen.   <\/p>\t\t\t\t\t\t\t\t<\/div>\n\t\t\t\t<div class=\"elementor-element elementor-element-416c0eb elementor-widget elementor-widget-image\" data-id=\"416c0eb\" data-element_type=\"widget\" data-e-type=\"widget\" data-widget_type=\"image.default\">\n\t\t\t\t\t\t\t\t\t\t\t\t\t\t\t<img fetchpriority=\"high\" decoding=\"async\" width=\"900\" height=\"600\" src=\"https:\/\/www.eldwi.com\/wp-content\/uploads\/2025\/12\/01-Eldwi-Nursing-home-elderly-care-Senior-Care-Alzheimer-Dementia-Stroke-Parkinson-Wellness-assisted-living.png\" class=\"attachment-full size-full wp-image-2111\" alt=\"Eldwi Seniorenheime in Thailand, professionelle Seniorenbetreuung, spezialisierte Pflege f\u00fcr Alzheimer und Demenz, Senior Care, Pflegeheim Thailand\" srcset=\"https:\/\/www.eldwi.com\/wp-content\/uploads\/2025\/12\/01-Eldwi-Nursing-home-elderly-care-Senior-Care-Alzheimer-Dementia-Stroke-Parkinson-Wellness-assisted-living.png 900w, https:\/\/www.eldwi.com\/wp-content\/uploads\/2025\/12\/01-Eldwi-Nursing-home-elderly-care-Senior-Care-Alzheimer-Dementia-Stroke-Parkinson-Wellness-assisted-living-300x200.png 300w, https:\/\/www.eldwi.com\/wp-content\/uploads\/2025\/12\/01-Eldwi-Nursing-home-elderly-care-Senior-Care-Alzheimer-Dementia-Stroke-Parkinson-Wellness-assisted-living-768x512.png 768w, https:\/\/www.eldwi.com\/wp-content\/uploads\/2025\/12\/01-Eldwi-Nursing-home-elderly-care-Senior-Care-Alzheimer-Dementia-Stroke-Parkinson-Wellness-assisted-living-287x190.png 287w\" sizes=\"(max-width: 900px) 100vw, 900px\" \/>\t\t\t\t\t\t\t\t\t\t\t\t\t\t\t<\/div>\n\t\t\t\t<\/div>\n\t\t\t\t<\/div>\n\t\t\t\t\t<\/div>\n\t\t\t\t<\/div>\n\t\t<div class=\"elementor-element elementor-element-4f87022 e-flex e-con-boxed e-con e-parent\" data-id=\"4f87022\" data-element_type=\"container\" data-e-type=\"container\">\n\t\t\t\t\t<div class=\"e-con-inner\">\n\t\t<div class=\"elementor-element elementor-element-a5ae899 e-con-full e-flex e-con e-child\" data-id=\"a5ae899\" data-element_type=\"container\" data-e-type=\"container\">\n\t\t\t\t<div class=\"elementor-element elementor-element-f9d1c3f elementor-widget elementor-widget-text-editor\" data-id=\"f9d1c3f\" data-element_type=\"widget\" data-e-type=\"widget\" data-widget_type=\"text-editor.default\">\n\t\t\t\t\t\t\t\t\t<p>Thailand ist international als eines der begehrtesten Ziele f\u00fcr den Ruhestand und Langzeitaufenthalte anerkannt. Thailand ist bekannt f\u00fcr sein vertrauensw\u00fcrdiges, erstklassiges Gesundheitssystem, seine herzliche und liebensw\u00fcrdige Kultur und seine hochwertigen Dienstleistungen f\u00fcr das Leben im Alter. Dar\u00fcber hinaus zeichnet sich Thailand durch ganzheitliches Wohlbefinden, Medizintourismus und erholsame Gesundheitserlebnisse aus. Zusammengenommen positionieren diese St\u00e4rken das Land als ideale Wahl f\u00fcr Personen, die einen eleganten, sinnvollen und nachhaltigen Lebensstil in ihren sp\u00e4teren Jahren suchen.  <\/p>\t\t\t\t\t\t\t\t<\/div>\n\t\t<div class=\"elementor-element elementor-element-9f26f1d e-grid e-con-full e-con e-child\" data-id=\"9f26f1d\" data-element_type=\"container\" data-e-type=\"container\">\n\t\t\t\t<div class=\"elementor-element elementor-element-472452d elementor-widget elementor-widget-image\" data-id=\"472452d\" data-element_type=\"widget\" data-e-type=\"widget\" data-widget_type=\"image.default\">\n\t\t\t\t\t\t\t\t\t\t\t\t\t\t\t<img decoding=\"async\" width=\"900\" height=\"600\" src=\"https:\/\/www.eldwi.com\/wp-content\/uploads\/2025\/10\/ChatGPT-Image-Oct-23-2025-12_36_34-AM-1024x683.png\" class=\"attachment-large size-large wp-image-2131\" alt=\"Seniorenheim in Thailand Pflegeheim f\u00fcr Senioren Seniorenbetreuung Senior Care Senior Living Betreutes Wohnen Alzheimer Betreuung Demenzpflege Parkinson Betreuung Schlaganfall Rehabilitation Rehabilitation nach Schlaganfall Aktivit\u00e4ten f\u00fcr Senioren Physiotherapie Wellness Programme Rehabilitationszentrum Eldwi.com\" srcset=\"https:\/\/www.eldwi.com\/wp-content\/uploads\/2025\/10\/ChatGPT-Image-Oct-23-2025-12_36_34-AM-1024x683.png 1024w, https:\/\/www.eldwi.com\/wp-content\/uploads\/2025\/10\/ChatGPT-Image-Oct-23-2025-12_36_34-AM-300x200.png 300w, https:\/\/www.eldwi.com\/wp-content\/uploads\/2025\/10\/ChatGPT-Image-Oct-23-2025-12_36_34-AM-768x512.png 768w, https:\/\/www.eldwi.com\/wp-content\/uploads\/2025\/10\/ChatGPT-Image-Oct-23-2025-12_36_34-AM-287x190.png 287w, https:\/\/www.eldwi.com\/wp-content\/uploads\/2025\/10\/ChatGPT-Image-Oct-23-2025-12_36_34-AM.png 1536w\" sizes=\"(max-width: 900px) 100vw, 900px\" \/>\t\t\t\t\t\t\t\t\t\t\t\t\t\t\t<\/div>\n\t\t\t\t<div class=\"elementor-element elementor-element-6f79397 elementor-widget elementor-widget-image\" data-id=\"6f79397\" data-element_type=\"widget\" data-e-type=\"widget\" data-widget_type=\"image.default\">\n\t\t\t\t\t\t\t\t\t\t\t\t\t\t\t<img decoding=\"async\" width=\"900\" height=\"600\" src=\"https:\/\/www.eldwi.com\/wp-content\/uploads\/2026\/01\/05-Eldwi-Nursing-home-elderly-care-Senior-Care-Alzheimer-Dementia-Stroke-Parkinson-Wellness-assisted-living.png\" class=\"attachment-1536x1536 size-1536x1536 wp-image-2132\" alt=\"\" srcset=\"https:\/\/www.eldwi.com\/wp-content\/uploads\/2026\/01\/05-Eldwi-Nursing-home-elderly-care-Senior-Care-Alzheimer-Dementia-Stroke-Parkinson-Wellness-assisted-living.png 900w, https:\/\/www.eldwi.com\/wp-content\/uploads\/2026\/01\/05-Eldwi-Nursing-home-elderly-care-Senior-Care-Alzheimer-Dementia-Stroke-Parkinson-Wellness-assisted-living-300x200.png 300w, https:\/\/www.eldwi.com\/wp-content\/uploads\/2026\/01\/05-Eldwi-Nursing-home-elderly-care-Senior-Care-Alzheimer-Dementia-Stroke-Parkinson-Wellness-assisted-living-768x512.png 768w, https:\/\/www.eldwi.com\/wp-content\/uploads\/2026\/01\/05-Eldwi-Nursing-home-elderly-care-Senior-Care-Alzheimer-Dementia-Stroke-Parkinson-Wellness-assisted-living-287x190.png 287w\" sizes=\"(max-width: 900px) 100vw, 900px\" \/>\t\t\t\t\t\t\t\t\t\t\t\t\t\t\t<\/div>\n\t\t\t\t<div class=\"elementor-element elementor-element-4efc9bc elementor-widget elementor-widget-image\" data-id=\"4efc9bc\" data-element_type=\"widget\" data-e-type=\"widget\" data-widget_type=\"image.default\">\n\t\t\t\t\t\t\t\t\t\t\t\t\t\t\t<img loading=\"lazy\" decoding=\"async\" width=\"900\" height=\"600\" src=\"https:\/\/www.eldwi.com\/wp-content\/uploads\/2025\/12\/eldwi-wellness-thailand.png\" class=\"attachment-large size-large wp-image-2133\" alt=\"\" srcset=\"https:\/\/www.eldwi.com\/wp-content\/uploads\/2025\/12\/eldwi-wellness-thailand.png 900w, https:\/\/www.eldwi.com\/wp-content\/uploads\/2025\/12\/eldwi-wellness-thailand-300x200.png 300w, https:\/\/www.eldwi.com\/wp-content\/uploads\/2025\/12\/eldwi-wellness-thailand-768x512.png 768w, https:\/\/www.eldwi.com\/wp-content\/uploads\/2025\/12\/eldwi-wellness-thailand-287x190.png 287w\" sizes=\"(max-width: 900px) 100vw, 900px\" \/>\t\t\t\t\t\t\t\t\t\t\t\t\t\t\t<\/div>\n\t\t\t\t<\/div>\n\t\t\t\t<div class=\"elementor-element elementor-element-d883145 elementor-widget elementor-widget-text-editor\" data-id=\"d883145\" data-element_type=\"widget\" data-e-type=\"widget\" data-widget_type=\"text-editor.default\">\n\t\t\t\t\t\t\t\t\t<p data-start=\"1666\" data-end=\"2143\">Bei <strong data-start=\"1669\" data-end=\"1682\">Eldwi.com<\/strong> widmen wir uns dem Aufbau eines exklusiven \u00d6kosystems in Zusammenarbeit mit f\u00fchrenden thail\u00e4ndischen und internationalen Unternehmen in Thailand, das einen neuen globalen Ma\u00dfstab f\u00fcr Seniorenpflege und ganzheitliches Wohlbefinden setzt. Wir kuratieren und verbinden sorgf\u00e4ltig erstklassige Pflegeheime, Seniorenpflegezentren, medizinische Spezialisten und hochwertige Seniorenprodukte und -dienstleistungen in Thailand mit internationalen Rentnern, die eine gehobene Lebensqualit\u00e4t in einem Traumziel f\u00fcr den Ruhestand suchen. <\/p><p data-start=\"2145\" data-end=\"2462\"><br>Wir bedienen auch die Generation der <strong data-start=\"2163\" data-end=\"2183\">Young-Old (YOLD)<\/strong>, Einzelpersonen, die sich auf den Ruhestand vorbereiten und Wert auf Wellness, Stressabbau und gesundheitsorientierte Reiseerlebnisse legen. Diese anspruchsvolle Gruppe sucht Ausgeglichenheit, Vitalit\u00e4t und sinnvolles Leben durch sorgf\u00e4ltig gestaltete Wellness-Reisen, die K\u00f6rper und Geist n\u00e4hren. <\/p><p data-start=\"2464\" data-end=\"2828\"><br>Wenn Ihr Unternehmen professionelle, mehrsprachige und international ausgerichtete Dienstleistungen f\u00fcr globale Senioren anbietet, w\u00fcrden wir uns sehr geehrt f\u00fchlen, mit Ihnen zusammenzuarbeiten. Gemeinsam k\u00f6nnen wir neue M\u00f6glichkeiten f\u00fcr lokale Fachkr\u00e4fte schaffen, Thailands globalen Ruf verbessern und das Land als f\u00fchrendes <strong data-start=\"2776\" data-end=\"2807\">Elderly Care &amp; Wellness Hub<\/strong> in S\u00fcdostasien positionieren. <\/p><p data-start=\"729\" data-end=\"946\"><br>Gestalten Sie mit uns eine elegante, sinnvolle und nachhaltige Zukunft f\u00fcr Senioren in Thailand und auf der ganzen Welt mit <strong><a style=\"font-family: Roboto, sans-serif; background-color: #ffffff;\" href=\"https:\/\/www.eldwi.com\/de\/\" target=\"_blank\" rel=\"noopener\">Eldwi.com<\/a>.<\/strong><\/p>\t\t\t\t\t\t\t\t<\/div>\n\t\t\t\t<div class=\"elementor-element elementor-element-73cb3c9 elementor-widget elementor-widget-eael-creative-button\" data-id=\"73cb3c9\" data-element_type=\"widget\" data-e-type=\"widget\" data-widget_type=\"eael-creative-button.default\">\n\t\t\t\t\t        <div class=\"eael-creative-button-wrapper\">\n\n            <a class=\"eael-creative-button eael-creative-button--rayen eael-cb-icon-position-\" href=\"https:\/\/www.eldwi.com\/de\/partnerschafts-einreichung\/\" data-text=\"F\u00fcr eine Partnerschaft bewerben\">\n            \t    \n                <div class=\"creative-button-inner\">\n\n                    \n                    <span class=\"cretive-button-text\">F\u00fcr eine Partnerschaft bewerben<\/span>\n\n                                    <\/div>\n\t                        <\/a>\n        <\/div>\n        \t\t\t\t<\/div>\n\t\t\t\t<div class=\"elementor-element elementor-element-bb70e0d elementor-widget elementor-widget-spacer\" data-id=\"bb70e0d\" data-element_type=\"widget\" data-e-type=\"widget\" data-widget_type=\"spacer.default\">\n\t\t\t\t\t\t\t<div class=\"elementor-spacer\">\n\t\t\t<div class=\"elementor-spacer-inner\"><\/div>\n\t\t<\/div>\n\t\t\t\t\t\t<\/div>\n\t\t\t\t<\/div>\n\t\t\t\t\t<\/div>\n\t\t\t\t<\/div>\n\t\t\t\t<\/div>\n\t\t","protected":false},"excerpt":{"rendered":"<p>Partner werden mit Eldwi.com Wir bef\u00e4higen Thailands Young-Old (YOLD) und die Altenpflegebranche, auf der globalen B\u00fchne zu gl\u00e4nzen Da L\u00e4nder auf der ganzen Welt zu einer vollst\u00e4ndig gealterten Gesellschaft werden, suchen Rentner und diejenigen, die sich dem Ruhestand n\u00e4hern, zunehmend nach einem idealen Ziel, das eine au\u00dfergew\u00f6hnliche Lebensqualit\u00e4t, langfristige Gesundheit und ein Gef\u00fchl von Sinn [&hellip;]<\/p>\n","protected":false},"author":1,"featured_media":0,"parent":0,"menu_order":0,"comment_status":"closed","ping_status":"closed","template":"template-page-full-width.php","meta":{"_srk_meta_title":"","_srk_meta_description":"","_srk_robots_meta":[],"_srk_canonical_url":"","_srk_advanced_settings":[],"_srk_last_sync":0,"footnotes":""},"class_list":["post-2134","page","type-page","status-publish","hentry"],"_links":{"self":[{"href":"https:\/\/www.eldwi.com\/de\/wp-json\/wp\/v2\/pages\/2134","targetHints":{"allow":["GET"]}}],"collection":[{"href":"https:\/\/www.eldwi.com\/de\/wp-json\/wp\/v2\/pages"}],"about":[{"href":"https:\/\/www.eldwi.com\/de\/wp-json\/wp\/v2\/types\/page"}],"author":[{"embeddable":true,"href":"https:\/\/www.eldwi.com\/de\/wp-json\/wp\/v2\/users\/1"}],"replies":[{"embeddable":true,"href":"https:\/\/www.eldwi.com\/de\/wp-json\/wp\/v2\/comments?post=2134"}],"version-history":[{"count":3,"href":"https:\/\/www.eldwi.com\/de\/wp-json\/wp\/v2\/pages\/2134\/revisions"}],"predecessor-version":[{"id":3160,"href":"https:\/\/www.eldwi.com\/de\/wp-json\/wp\/v2\/pages\/2134\/revisions\/3160"}],"wp:attachment":[{"href":"https:\/\/www.eldwi.com\/de\/wp-json\/wp\/v2\/media?parent=2134"}],"curies":[{"name":"wp","href":"https:\/\/api.w.org\/{rel}","templated":true}]}}